{"id":466,"date":"2022-04-18T19:34:09","date_gmt":"2022-04-18T19:34:09","guid":{"rendered":"https:\/\/www.indigoexpediciones.com\/tienda\/?post_type=product&#038;p=466"},"modified":"2022-04-18T19:36:08","modified_gmt":"2022-04-18T19:36:08","slug":"safari-escapada-masai","status":"publish","type":"product","link":"https:\/\/www.indigoexpediciones.com\/tienda\/producto\/safari-escapada-masai\/","title":{"rendered":"SAFARI ESCAPADA MASAI"},"content":{"rendered":"<p>Kenia. Desde su vibrante capital, su variada fauna o las impresionantes vistas del Kilimanjaro desde el P.N. Amboseli, hasta los orgullosos guerreros Masai. Una cuidada selecci\u00f3n para realizar en pocos d\u00edas pero sin prisas&#8230;<\/p>\n<h2>Itinerario<\/h2>\n<p><strong>D\u00eda 1. Nairobi.<\/strong>\u00a0Llegada al aeropuerto internacional de Nairobi. Tr\u00e1mites de inmigraci\u00f3n y estampaci\u00f3n del Visado, as\u00ed como recogida de equipajes, (Visado a la llegada de Kenia). A la salida nuestro gu\u00eda en la ciudad les dar\u00e1 la bienvenida a esta fascinante ciudad. Traslado al hotel respectivo. Resto del D\u00eda libre, para descansar del largo viaje.<\/p>\n<p><strong>D\u00eda 2. Nairobi &#8211; P.N. Amboseli.<\/strong>\u00a0Salida temprano hacia el Parque Nacional Amboseli v\u00eda Namanga. Llegada para el Almuerzo en Lodge. Safari por la tarde. Este parque se extiende entre la frontera de Kenia y Tanzania, con una superficie de 8.000 km2, sin duda los expertos llaman a este parque como \u201cla joya del Rift\u201d, por la gran cantidad de fauna y aves que cobija en su interior, y ello hace que se pueda transformar en una de las mejores experiencias.<\/p>\n<p><strong>D\u00eda 3. P.N. Amboseli &#8211; P.N. Lago Naivasha.<\/strong>\u00a0Safari al amanecer. Desayuno y salida hacia el Lago Naivasha para tomar el almuerzo en el Lodge. Tarde libre. Opcionalmente podemos realizar un safari en barca por el lago y visitar Crescent Island. El Lago Naivasha se encuentra rodeado por bosques de papiro y es un para\u00edso para observadores de aves, aproximadamente m\u00e1s de 400 aves han sido registradas en el lago. \u00c1guilas pescadoras, garzas, garcetas, etc. se pueden encontrar en el \u00e1rea de este hermoso lago, que tambi\u00e9n cuenta con 500 hipop\u00f3tamos. Crescent Island es una isla en la que se puede caminar entre jirafas, cebras, hipop\u00f3tamos, ant\u00edlopes, \u00f1us y muchas aves. Estos animales fueron introducidos en la isla para grabar la pel\u00edcula \u201cMemoria de \u00c1frica\u201d y se quedaron aqu\u00ed para prosperar.<\/p>\n<p><strong>D\u00eda 4. P.N. Lago Naivasha &#8211; Reserva de Masai Mara.\u00a0<\/strong>Salida a la Reserva Nacional de Mas\u00e1i Mara, v\u00eda Narok, para llegar a almorzar. La reserva se llama as\u00ed porque la tribu Mas\u00e1i que habita en dicha zona y por el r\u00edo Mara que lo cruza. Safari por la tarde. La reserva Mas\u00e1i Mara es una reserva Natural, que se encuentra situada al suroeste, en realidad es una extensi\u00f3n del Serengueti, donde habitan la famosa Tribu Mas\u00e1i y cruza el rio Mara. Este parque es famoso por su fauna excepcional, aqu\u00ed es f\u00e1cil ver los Big Five, Leones, Leopardos, elefantes, Rinocerontes y B\u00fafalos, pero otros muchos animales se nos cruzar\u00e1n en nuestro camino.<\/p>\n<p><strong>D\u00eda 5. Reserva de Masai Mara.\u00a0<\/strong>Hoy realizaremos dos safaris, uno por la ma\u00f1ana (09:00 \u2013 12:00) y otro por la tarde (16:00 \u2013 18:30) por esta magn\u00edfica reserva. Sin duda Mas\u00e1i es uno de los iconos de Kenia y todo un referente para los amantes de los Safaris, ya que tendremos la oportunidad de ver innumerables opciones fotogr\u00e1ficas y multitud de animales.<\/p>\n<p><strong>D\u00eda 6. Reserva de Masai Mara &#8211; Nairobi.<\/strong>\u00a0Salida hacia Nairobi (Distancia: Aprox. 270 kms &#8211; 5 horas) a trav\u00e9s de la gran Sabana y la gran riqueza que tiene Kenia entre sus fronteras. Si su vuelo sale por la tarde, el grupo se dirigir\u00e1 primero al hotel del primer D\u00eda en Nairobi y a continuaci\u00f3n ser\u00e1n trasladados al aeropuerto. Si su vuelo sale por la noche, la llegada est\u00e1 prevista alrededor de mediod\u00eda al hotel del primer d\u00eda en Nairobi donde dejar\u00e1n sus maletas en consigna y podr\u00e1n dar un paseo en un shopping mall \u201cWestlands\u201d y a la hora prevista ser\u00e1n recogidos para ir al aeropuerto si su vuelo sale por la noche.<\/p>\n<h2>Personal\u00edzalo:<\/h2>\n<p>Si lo deseas, cambia la categor\u00eda de los Camps \/ Lodges \/ Hoteles a 4 o 5*<\/p>\n<p>A\u00f1ade noches extra en Nairobi.<\/p>\n<p>Experiencias opcionales:<\/p>\n<ul>\n<li>Experiencia en el Restaurante Carn\u00edvore. Carnes ex\u00f3ticas a la parrilla. No te lo puedes perder!<\/li>\n<li>Excursiones adicionales en Nairobi, en caso de que extiendas la estancia:\n<ul>\n<li>Excursi\u00f3n al Orfanato de Elefantes<\/li>\n<li>Excursi\u00f3n al Giraffe Centre<\/li>\n<\/ul>\n<\/li>\n<li>Excursiones opcionales en Masai Mara:\n<ul>\n<li>Visita a un poblado Masai<\/li>\n<li>Safari en Globo. \u00a1Una experiencia inolvidable que no olvidar\u00e1s en tu vida!<\/li>\n<li>Safari a pie.<\/li>\n<\/ul>\n<\/li>\n<\/ul>\n<h2>Incluye<\/h2>\n<ul class=\"fa-ul\">\n<li class=\"\">Traslado de llegada<\/li>\n<li class=\"\"><i class=\"fa-li fa fa-check-circle\"><\/i>Traslado de salida<\/li>\n<li class=\"\">\n<div class=\"ng-binding\"><i class=\"fa-li fa fa-check-circle\"><\/i>Transporte entre ciudades: minivan<\/div>\n<\/li>\n<li class=\"\"><i class=\"fa-li fa fa-check-circle\"><\/i>Con Conductor-Gu\u00eda en\u00a0<strong><span class=\"\">Espa\u00f1ol<\/span><\/strong><\/li>\n<li class=\"ng-binding\"><i class=\"fa-li fa fa-check-circle\"><\/i>5 desayuno\/s, 4 comida\/s, 4 cena\/s<\/li>\n<li><i class=\"fa-li fa fa-check-circle\"><\/i>Hoteles, R\u00e9gimen Alimenticio, Visitas y gu\u00edas seg\u00fan se especifique o no, en el itinerario<\/li>\n<\/ul>\n<h2>No incluye:<\/h2>\n<ul class=\"fa-ul\">\n<li class=\"\">Vuelos internacionales<\/li>\n<li class=\"\"><i class=\"fa-li fa fa-times-circle\"><\/i>Impuestos del pa\u00eds<\/li>\n<li class=\"\"><i class=\"fa-li fa fa-times-circle\"><\/i>Bebidas<\/li>\n<li class=\"\"><i class=\"fa-li fa fa-times-circle\"><\/i>Propinas<\/li>\n<li class=\"\"><i class=\"fa-li fa fa-times-circle\"><\/i>Maleteros<\/li>\n<li><i class=\"fa-li fa fa-times-circle\"><\/i>Seguros<\/li>\n<li><i class=\"fa-li fa fa-times-circle\"><\/i>Visados, si fueran necesarios.<\/li>\n<li><i class=\"fa-li fa fa-times-circle\"><\/i>Las entradas que no est\u00e9n expresamente mencionadas en el itinerario dia a dia, no est\u00e1n incluidas.<\/li>\n<\/ul>\n<p>&nbsp;<\/p>\n","protected":false},"excerpt":{"rendered":"<p>Un viaje a lo esencial de este fascinante pa\u00eds.<\/p>\n","protected":false},"featured_media":467,"comment_status":"open","ping_status":"closed","template":"","meta":[],"product_cat":[21],"product_tag":[33,30,32,27,34,31,28],"giftcard-category":[],"class_list":["post-466","product","type-product","status-publish","has-post-thumbnail","hentry","product_cat-regala-indigo","product_tag-aventura","product_tag-kenia","product_tag-naturaleza","product_tag-regalo","product_tag-romantico","product_tag-safari","product_tag-viaje"],"_links":{"self":[{"href":"https:\/\/www.indigoexpediciones.com\/tienda\/wp-json\/wp\/v2\/product\/466","targetHints":{"allow":["GET"]}}],"collection":[{"href":"https:\/\/www.indigoexpediciones.com\/tienda\/wp-json\/wp\/v2\/product"}],"about":[{"href":"https:\/\/www.indigoexpediciones.com\/tienda\/wp-json\/wp\/v2\/types\/product"}],"replies":[{"embeddable":true,"href":"https:\/\/www.indigoexpediciones.com\/tienda\/wp-json\/wp\/v2\/comments?post=466"}],"wp:featuredmedia":[{"embeddable":true,"href":"https:\/\/www.indigoexpediciones.com\/tienda\/wp-json\/wp\/v2\/media\/467"}],"wp:attachment":[{"href":"https:\/\/www.indigoexpediciones.com\/tienda\/wp-json\/wp\/v2\/media?parent=466"}],"wp:term":[{"taxonomy":"product_cat","embeddable":true,"href":"https:\/\/www.indigoexpediciones.com\/tienda\/wp-json\/wp\/v2\/product_cat?post=466"},{"taxonomy":"product_tag","embeddable":true,"href":"https:\/\/www.indigoexpediciones.com\/tienda\/wp-json\/wp\/v2\/product_tag?post=466"},{"taxonomy":"giftcard-category","embeddable":true,"href":"https:\/\/www.indigoexpediciones.com\/tienda\/wp-json\/wp\/v2\/giftcard-category?post=466"}],"curies":[{"name":"wp","href":"https:\/\/api.w.org\/{rel}","templated":true}]}}